{"id":1144,"date":"2024-02-22T18:55:50","date_gmt":"2024-02-22T18:55:50","guid":{"rendered":"https:\/\/damos.ch\/music\/?page_id=1144"},"modified":"2026-02-15T10:33:37","modified_gmt":"2026-02-15T09:33:37","slug":"info-de-2","status":"publish","type":"page","link":"https:\/\/damos.ch\/music\/info-de-2\/","title":{"rendered":"INFO DE"},"content":{"rendered":"\n<h2 class=\"wp-block-heading\" style=\"font-size:38px;line-height:1.4\">\u00dcBER DIE PERSON<\/h2>\n\n\n\n<div class=\"wp-block-columns is-layout-flex wp-container-core-columns-is-layout-9d6595d7 wp-block-columns-is-layout-flex\">\n<div class=\"wp-block-column is-layout-flow wp-block-column-is-layout-flow\">\n<p style=\"font-size:18px\">DaMos alias &#8222;El Presidente&#8220; (B\u00fcrgerlich Jos\u00e9 Federspiel), wurde am 9. September 1977 in Chur geboren. Seine Leidenschaft f\u00fcr Graffiti und Rap entwickelte sich ab 1991. Um 1995 gr\u00fcndete er mit Gimma und Ali de Bengali die Rapgruppe Oschtblock Kuabuaba (OBK). Sp\u00e4ter stie\u00dfen Hyphen (Breitbild) und DJ Chronex zur Formation hinzu. Seine Deb\u00fct-EP &#8222;Kaosforschig&#8220; produzierte er ausschlie\u00dflich auf der PlayStation 1. Ab 1999 trat DaMos regelm\u00e4\u00dfig mit seinem Electro &amp; Rap Live-Multimedia-Set im Raum (Z\u00fcrich \/ Luzern) auf, oft auch unter der Leitung von Franziska Lingg in Zusammenarbeit mit der Trial and Error Group Luzern. Diese Erfahrungen flossen in seine Diplomarbeit an der FH Luzern ein, die den Experimentalfilm &#8222;W\u00fcrfelwelt&#8220; hervorbrachte. F\u00fcr diesen Film wurde er 2003 f\u00fcr den Internationalen Medienkunstpreis (DE) nominiert und konnte an verschiedenen Orten<\/p>\n<\/div>\n\n\n\n<div class=\"wp-block-column is-layout-flow wp-block-column-is-layout-flow\">\n<p style=\"font-size:18px\">wie dem Kunsthaus Chur, der Dampfzentrale Bern und dem ZKM Karlsruhe gezeigt werden. Neben seiner Musikkarriere ist Jos\u00e9 Federspiel auch als Kunstmaler, Musikproduzent, Verleger und Unternehmer im Bereich Visuelle Kommunikation t\u00e4tig (Mosill.us). Im Jahr 2011 erhielt er den F\u00f6rderpreis des Kantons Graub\u00fcnden f\u00fcr seine Verdienste als Multimediak\u00fcnstler. Er gilt als einer der Gr\u00fcndungsv\u00e4ter der &#8222;B\u00fcndner Hip-Hop-Kultur&#8220;. und lebt\/arbeitet mim Taminatal. Seine K\u00fcnstlernamen: DAMOS, EL PRESIDENTE, PAPA MOS, ENDGEGNER, MOS MAUS, PUNCHLINE KING, ANTIPIMP, MOSART EIS, Master Off Super, POBEL DA VOGEL, JEAN PIERRE BLINKLICHT usw, meist jedoch einfach nur MOS. Merch gibts bei Momer.ch<\/p>\n<\/div>\n<\/div>\n","protected":false},"excerpt":{"rendered":"<p class=\"excerpt\">\u00dcBER DIE PERSON DaMos alias &#8222;El Presidente&#8220; (B\u00fcrgerlich Jos\u00e9 Federspiel), wurde am 9. September 1977 in Chur geboren. Seine Leidenschaft f\u00fcr Graffiti und Rap entwickelte sich ab 1991. Um 1995 gr\u00fcndete er mit Gimma und Ali de Bengali die Rapgruppe Oschtblock Kuabuaba (OBK). Sp\u00e4ter stie\u00dfen Hyphen (Breitbild) und DJ Chronex zur Formation hinzu. Seine Deb\u00fct-EP &#8222;Kaosforschig&#8220; produzierte er ausschlie\u00dflich auf&hellip;<\/p>\n<p class=\"more-link-p\"><a class=\"btn btn-default\" href=\"https:\/\/damos.ch\/music\/info-de-2\/\">Read more<\/a><\/p>\n","protected":false},"author":1,"featured_media":0,"parent":0,"menu_order":0,"comment_status":"closed","ping_status":"closed","template":"","meta":{"ngg_post_thumbnail":0,"footnotes":""},"class_list":["post-1144","page","type-page","status-publish","hentry"],"_links":{"self":[{"href":"https:\/\/damos.ch\/music\/wp-json\/wp\/v2\/pages\/1144","targetHints":{"allow":["GET"]}}],"collection":[{"href":"https:\/\/damos.ch\/music\/wp-json\/wp\/v2\/pages"}],"about":[{"href":"https:\/\/damos.ch\/music\/wp-json\/wp\/v2\/types\/page"}],"author":[{"embeddable":true,"href":"https:\/\/damos.ch\/music\/wp-json\/wp\/v2\/users\/1"}],"replies":[{"embeddable":true,"href":"https:\/\/damos.ch\/music\/wp-json\/wp\/v2\/comments?post=1144"}],"version-history":[{"count":12,"href":"https:\/\/damos.ch\/music\/wp-json\/wp\/v2\/pages\/1144\/revisions"}],"predecessor-version":[{"id":1334,"href":"https:\/\/damos.ch\/music\/wp-json\/wp\/v2\/pages\/1144\/revisions\/1334"}],"wp:attachment":[{"href":"https:\/\/damos.ch\/music\/wp-json\/wp\/v2\/media?parent=1144"}],"curies":[{"name":"wp","href":"https:\/\/api.w.org\/{rel}","templated":true}]}}