{"id":12,"date":"2018-05-06T19:17:21","date_gmt":"2018-05-06T19:17:21","guid":{"rendered":"http:\/\/damos.ch\/music\/?page_id=12"},"modified":"2025-08-23T14:33:54","modified_gmt":"2025-08-23T12:33:54","slug":"alben","status":"publish","type":"page","link":"https:\/\/damos.ch\/music\/alben\/","title":{"rendered":"ALBEN"},"content":{"rendered":"<div class=\"wp-block-image\">\n<figure class=\"aligncenter size-full is-resized\"><img loading=\"lazy\" decoding=\"async\" width=\"2000\" height=\"300\" src=\"https:\/\/damos.ch\/music\/wp-content\/uploads\/2023\/03\/Logo_Line_Hell.jpg\" alt=\"\" class=\"wp-image-939\" style=\"width:507px;height:76px\" srcset=\"https:\/\/damos.ch\/music\/wp-content\/uploads\/2023\/03\/Logo_Line_Hell.jpg 2000w, https:\/\/damos.ch\/music\/wp-content\/uploads\/2023\/03\/Logo_Line_Hell-1500x225.jpg 1500w, https:\/\/damos.ch\/music\/wp-content\/uploads\/2023\/03\/Logo_Line_Hell-768x115.jpg 768w, https:\/\/damos.ch\/music\/wp-content\/uploads\/2023\/03\/Logo_Line_Hell-1536x230.jpg 1536w\" sizes=\"auto, (max-width: 2000px) 100vw, 2000px\" \/><\/figure>\n<\/div>\n\n\n<p class=\"has-text-align-center\" style=\"font-size:10px\">ACHTUNG! &#8211; EINIGE SONGS K\u00d6NNEN SPUREN VON IRONIE, SATIRE ODER SARKASTISCHEM FLEGELHAFTEN PROLETENRAP ENTHALTEN.<\/p>\n\n\n\n<figure class=\"wp-block-gallery aligncenter has-nested-images columns-default is-cropped wp-block-gallery-1 is-layout-flex wp-block-gallery-is-layout-flex\">\n<figure class=\"wp-block-image size-full\"><img loading=\"lazy\" decoding=\"async\" width=\"2560\" height=\"1566\" data-id=\"1258\" src=\"https:\/\/damos.ch\/music\/wp-content\/uploads\/2025\/08\/Alben_DaMos-scaled.jpg\" alt=\"\" class=\"wp-image-1258\" srcset=\"https:\/\/damos.ch\/music\/wp-content\/uploads\/2025\/08\/Alben_DaMos-scaled.jpg 2560w, https:\/\/damos.ch\/music\/wp-content\/uploads\/2025\/08\/Alben_DaMos-768x470.jpg 768w, https:\/\/damos.ch\/music\/wp-content\/uploads\/2025\/08\/Alben_DaMos-1536x940.jpg 1536w, https:\/\/damos.ch\/music\/wp-content\/uploads\/2025\/08\/Alben_DaMos-2048x1253.jpg 2048w\" sizes=\"auto, (max-width: 2560px) 100vw, 2560px\" \/><\/figure>\n<\/figure>\n\n\n\n<p class=\"has-text-align-center has-medium-font-size\"><strong>ALBEN UND EPs<\/strong><\/p>\n\n\n\n<p class=\"has-text-align-center\">2000 DaMos &#8211; Kaosforschig (EP CD\/Video CD)<br>2002 DaMos &#8211; Schwarz uf Wies (EP Vinyl)<br>2003 DaMos &#8211; Rotwelsch (CD)<br>2004 DaMos &#8211; Was kann scho eine allei (Doppel CD mit Video CD)<br>2005 DaMos &#8211; Kaosforschig 2 (CD)<br>2008 DaMos &#8211; Push the Envelope (CD)<br>2008 DaMos &#8211; Freemixes (Digital\/kostenlos)<br>2009 DaMos &#8211; I Love Rebels (Digital)<br>2009 DaMos &#8211; Rotwelsch Remastered (Digital)<br>2011 DaMos &#8211; Mond und St\u00e4rna (CD und Digital)<br>2013 DaMos &#8211; Mosaik (EP Digital)<br>2017 DaMos &#8211; Kaosforschig 3 (Digital)<br>2020 DaMos &#8211; Stranger in the Mirror (Digital)<br>2022 DaMos &#8211; Glichgwicht (Digital)<br>2023 DaMos &#8211; Paradies (EP Digital)<br>2024 DaMos &#8211; Raubritter (EP Digital)<br>2025 DaMos &#8211; Nostra (Digital)<\/p>\n\n\n\n<p class=\"has-text-align-center has-medium-font-size\"><strong>SINGLES<\/strong><\/p>\n\n\n\n<p class=\"has-text-align-center\">2001 DaMos &#8211; Traumfrau (Videoclip)<br>2008 DaMos &#8211; Das Pianist (digital)<br>2015 DaMos &#8211; Nonid go schlofa go (digital)<br>2020 DaMos &#8211; Du (digital)<br>2021 DaMos &#8211; Neverland (digital)<br>2021 DaMos &#8211; Down to the wire (digital)<br>2022 DaMos &#8211; Stigma (digital)<br>2022 DaMos &#8211; Ischer wider (digital)<br>2022 DaMos &#8211; Elefanta (digital)<br>2022 DaMos &#8211; Brucha Abstand (digital)<br>2023 SAD, Gimma &#8211; Roti &amp; Gelbi Karta (DaMos BeatRMX und RapRMX)<br>2024 DaMos &#8211; Natur \/ Energie (digital)<br>2025 DaMos &#8211; Ziel (Prod. by Beatgrndrz, digital)<\/p>\n\n\n\n<p class=\"has-text-align-center has-medium-font-size\"><br><strong>GASTBEITR\u00c4GE<\/strong><\/p>\n\n\n\n<p class=\"has-text-align-center\">Microbatik<br>DJ Fischkutter<br>DJ Ben (Lionkingz)<br>DJ D-One (Lionkingz)<br>Horscht<br>Dachs<br>Mr Skip<br>Thomahawk<br>OBK<br>Rennie (Sektion Kuchik\u00e4schtli)<br>Ali de Bengali<br>Breitbild<br>Steven Egal<br>Tinguely d\u00e4 Chn\u00e4cht<br>Chris Bluemoon<br>Shape<br>L\u00fcgner<br>Gimma<br>Sema<br>SAD<br>Rick Love<br>LIV<br>Hotcup Productions<br>Panadox<br>Pump Beats<br>Haisenberg<br>Pobel da Vogel<br>Marcus Aurelius<br>Los Turntablos<br>The Beatgrndrz<\/p>\n\n\n\n<p class=\"has-text-align-center has-medium-font-size\"><strong>SAMPLER<\/strong><\/p>\n\n\n\n<p class=\"has-text-align-center\">Big Beat and Breaks Vol.1<br>German Hiphop District. Vol.2<br>Bock uf Rock<br>Bock uf Rap<br>Visions: Electronic Trendsetters<\/p>\n\n\n\n<p class=\"has-text-align-center has-medium-font-size\"><strong><strong><strong>GRUPPEN<\/strong><\/strong><\/strong><\/p>\n\n\n\n<p class=\"has-text-align-center\">1996 KAOT im STADTGARTEN (Audio Tape)<br>2001 Oschtblock Kuabuaba \u201cPump d\u00e4 scheiss uf!\u201d (OBK)- Vinyl EP<\/p>\n","protected":false},"excerpt":{"rendered":"<p class=\"excerpt\">ACHTUNG! &#8211; EINIGE SONGS K\u00d6NNEN SPUREN VON IRONIE, SATIRE ODER SARKASTISCHEM FLEGELHAFTEN PROLETENRAP ENTHALTEN. ALBEN UND EPs 2000 DaMos &#8211; Kaosforschig (EP CD\/Video CD)2002 DaMos &#8211; Schwarz uf Wies (EP Vinyl)2003 DaMos &#8211; Rotwelsch (CD)2004 DaMos &#8211; Was kann scho eine allei (Doppel CD mit Video CD)2005 DaMos &#8211; Kaosforschig 2 (CD)2008 DaMos &#8211; Push the Envelope (CD)2008 DaMos &#8211;&hellip;<\/p>\n<p class=\"more-link-p\"><a class=\"btn btn-default\" href=\"https:\/\/damos.ch\/music\/alben\/\">Read more<\/a><\/p>\n","protected":false},"author":1,"featured_media":0,"parent":0,"menu_order":0,"comment_status":"closed","ping_status":"closed","template":"","meta":{"ngg_post_thumbnail":0,"footnotes":""},"class_list":["post-12","page","type-page","status-publish","hentry"],"_links":{"self":[{"href":"https:\/\/damos.ch\/music\/wp-json\/wp\/v2\/pages\/12","targetHints":{"allow":["GET"]}}],"collection":[{"href":"https:\/\/damos.ch\/music\/wp-json\/wp\/v2\/pages"}],"about":[{"href":"https:\/\/damos.ch\/music\/wp-json\/wp\/v2\/types\/page"}],"author":[{"embeddable":true,"href":"https:\/\/damos.ch\/music\/wp-json\/wp\/v2\/users\/1"}],"replies":[{"embeddable":true,"href":"https:\/\/damos.ch\/music\/wp-json\/wp\/v2\/comments?post=12"}],"version-history":[{"count":117,"href":"https:\/\/damos.ch\/music\/wp-json\/wp\/v2\/pages\/12\/revisions"}],"predecessor-version":[{"id":1283,"href":"https:\/\/damos.ch\/music\/wp-json\/wp\/v2\/pages\/12\/revisions\/1283"}],"wp:attachment":[{"href":"https:\/\/damos.ch\/music\/wp-json\/wp\/v2\/media?parent=12"}],"curies":[{"name":"wp","href":"https:\/\/api.w.org\/{rel}","templated":true}]}}