{"id":28,"date":"2018-05-06T19:23:49","date_gmt":"2018-05-06T19:23:49","guid":{"rendered":"http:\/\/damos.ch\/music\/?page_id=28"},"modified":"2025-10-31T13:33:24","modified_gmt":"2025-10-31T12:33:24","slug":"biografie","status":"publish","type":"page","link":"https:\/\/damos.ch\/music\/biografie\/","title":{"rendered":"BIOGRAFIE"},"content":{"rendered":"\n<p><b>PREISE<br><\/b><\/p>\n\n\n\n<div class=\"wp-block-group is-nowrap is-layout-flex wp-container-core-group-is-layout-ad2f72ca wp-block-group-is-layout-flex\">\n<p>\u00a0<\/p>\n\n\n<div class=\"wp-block-image\">\n<figure class=\"alignleft is-resized\"><img loading=\"lazy\" decoding=\"async\" width=\"100\" height=\"118\" src=\"https:\/\/damos.ch\/music\/wp-content\/uploads\/2020\/01\/Med.png\" alt=\"\" class=\"wp-image-207\" style=\"width:53px;height:auto\"\/><\/figure>\n<\/div><\/div>\n\n\n\n<p><\/p>\n\n\n\n<p><\/p>\n\n\n\n<p>1 Platz Graffiti Contest (1996, Initiator, Stadt St. Gallen)<br>1 Platz Street Emotion Graffiti Contest (1997, Initiator, 14K Z\u00fcrich)<br>1 Platz Kurzfilmtage Winterthur, Camkiller &#8211; (2002, Curdin Schneider, Musik von Jos\u00e9 Federspiel)<br>2 Platz Movie Marathon, Bling Bling Trick (Mit S.Jaquemet &amp; M.Ferrara,&nbsp;2005)<br>Top 20 Internationaler Medienkunstpreis, &nbsp;(\u201cW\u00fcrfelwelt\u201d 2003, ZKM Karlsruhe, D)<br>Auszeichnung &#8222;F\u00f6rderpreis Kanton Graub\u00fcnden&#8220; (2011, Chur)<br>3 Platz \u201cBest Videoclip\u201d f\u00fcr \u201cNonid go schlofa go! (2016, Lyrics Awards, mit M.Brooks)<\/p>\n\n\n\n<p>&nbsp;<\/p>\n\n\n\n<p><b>GESCHICHTE<\/b><\/p>\n\n\n\n<p><b><br>1977 )<\/b>&nbsp;Geboren in Chur 9.9.1977 ( Jos\u00e9 Federspiel alias DaMos )<\/p>\n\n\n\n<p><strong>1994) <\/strong>Drei monatiges Praktikum bei Albi Brun in Chur (Grafiker und K\u00fcnstler)&nbsp;<\/p>\n\n\n\n<p><b>1995 )<\/b>&nbsp;Vorkurs Schule f\u00fcr Gestaltung St.Gallen. Ausstellung in der Galeria Fravi Domat\/Ems, Gewinn des 1.Graffitipreises der Stadt St. Gallen. Gr\u00fcndet das Kleiderlabel \u201cOschtblock Kuabuaba\u201d . Daraus resultiert sp\u00e4ter im 97 dann die Rapgruppe OBK Gr\u00fcndungsmitglieder : Ali de Bengali, Gimma, DaMos.<\/p>\n\n\n\n<p><b>1997 )&nbsp;<\/b>Gewinn des 1. Graffitipreises der Street Emotion \/ Flug nach New York. Danach an der HGKZ ein Jahr Aktmalerei bei Fritz Weyrich.<\/p>\n\n\n\n<p><b>1998 )&nbsp;<\/b>Beteiligung am Projekt Urban Skillz Graffiti Kunst Event in der Roten Fabrik.<\/p>\n\n\n\n<p><b>1999 )<\/b>&nbsp;Besucht die 2 J\u00e4hrige Grundausbildung der Visuellen Kommunikation in Luzern. Ausstellung Jungk\u00fcnstler Exportieren in Chur. In vier R\u00e4umen wurde das Thema Kreislauf mittels Installation behandelt. Ausstellung im Stadttheater Luzern zum Thema Romeo und Julia. Ein \u201cst\u00f6hnendes WC\u201d sorgte f\u00fcr Aufruhr.<\/p>\n\n\n\n<p><b>2000 )<\/b>&nbsp;Support Act mit Gimma f\u00fcr&nbsp;<i>High<\/i>&nbsp;&amp;&nbsp;<i>Mighty<\/i> und Cage in Chur. K\u00fcnstlerische Arbeiten f\u00fcr 2 Kongresse der \u201cAudiovisuellen Freunde\u201d in Luzern im La Fourmi. Ver\u00f6ffentlichung einer CD Rom mit dem Namen \u201cKaosforschig 1 produziert auf der Playstation 1 mit dem Programm Music 2000 inkl. CD Rom<\/p>\n\n\n\n<p><b>2001 )<\/b> Videoproduktion mit dem K\u00fcnstler Stefan Banz im KKL zum Thema Muhamed Ali. Videoclip Produktion Traumfrau (Zeichentrick Animation) wird auf Rotation auf VIVA Schweiz dem Musik TV Kanal gezeigt. Weitere Videoclip Produktionen. Diverse Auftritte (u.A Open Air Malans, Alter Hangar Laax, Chur, Luzern, Solothurn) unter dem Namen Da Mos und der Trial and Error Group \/\/Elektronic Music Group.<\/p>\n\n\n\n<p><b>2002 )<\/b>&nbsp;Mitwirken an einem Multimedia Projekt f\u00fcr die Expo 02 in Yverdon. Diplomierung mit dem Hypnosefilm W\u00fcrfelwelt der durch die Unterst\u00fctzung des Kantons Graub\u00fcnden erm\u00f6glicht wurde. Erh\u00e4lt das Diplom \/\/ Bildender K\u00fcnstler FHZ \/\/.<\/p>\n\n\n\n<p><b>2003 )<\/b>&nbsp;W\u00fcrfelwelt\/ wird im Januar im Kunsthaus Chur und anschliessend in der Dampfzentrale Bern gezeigt und ist f\u00fcr den internationalen Medienkunstpreis 2003 nominiert (Top 20 ). Der Film hat laut einer Studie einen hypnotischen Charakter und ist f\u00fcr Epileptiker nicht geeignet. Damos ver\u00f6ffentlicht sein erstes Langspielalbum (Rotwelsch) in Zusammenarbeit mit Beautyfarmrec.ch. und geht mit seinem Multimedia-Atelier Mosillus.com online . \u201cCamkiller\u201d von Curdin Schneider gewinnt den ersten Preis bei den Kurzfilmtagen Winterthur und wird an den Solothurner Filmtagen gezeigt. Jos\u00e9 Federspiel produzierte die Musik und das Sound-Design)<\/p>\n\n\n\n<p><b>2004 )<\/b>&nbsp;Arbeitet hauptberuflich in seinem Grafikatelier in diversen Bereichen. Produktion im Studio f\u00fcr die neue Damos-CD. Der Film \u201cW\u00fcrfelwelt\u201d wird auf dem deutschen Digital-Sender \u201cEins Festival\u201d und auf Arte gezeigt! Mit dem Experimentalfilm W\u00fcrfelwelt konnte sich Jos\u00e9 Federspiel erstmals International einen Namen machen. Diverse Projekte im Bereich Musik und Multimedia. Ver\u00f6ffentlichung der Spezial Edition \u201cWas kann scho eina allei\u201d am 6. Dezember 2004 . Doppel CD Audio -Video (18 Tracks und 8 Videoclips). Stellt Mitarbeiter Pobel da Vogel ein.<\/p>\n\n\n\n<p><b>2005 )&nbsp;<\/b>Damos arbeitet an \u201cKaosforschig 2\u2033und an diversen Projekten. Er releast den Videoclip \u201cTikTikTak\u201d, auf Rotation bei Viva Schweiz. Mosillus.com erh\u00e4lt ein neuen Web-Brand. Mike Hartmeier &amp; Simon Jaquemet realisieren den Kurzfilm \u201d Bling Bling\u201d beim MOVIE-Marathon 2005 und erreichen den 2.Rang im Gesamtklassement. DaMos produzierte dazu den Song \u201cBling Bling Pimp Ding!\u201d<\/p>\n\n\n\n<p><b>2006 )&nbsp;<\/b>\u201cTik Tik Tak\u201d wird am Onedotzero.ch Event im Rahmen der Z\u00fcrcher Filmfesttage gezeigt. DaMos beginnt mit der Produktionsarbeit f\u00fcr sein neues CD Album \u201cPush the Envelope\u201d<\/p>\n\n\n\n<p><b>2007 )&nbsp;<\/b>Mosillus.com zeigt den Videoclip \u201d Tik Tik Tak\u201d an den Solothurner Filmtage . DaMos designt f\u00fcr die ETH den 1. Studenten Streetparade Wagen . DaMos und DJ Fischkutter zeigen in einer Einzelaustellung im Hive Club Z\u00fcrich Zeichnungen und Malereien.<\/p>\n\n\n\n<p><b>2008 )&nbsp;<\/b>Am 25.04.2008 wurde \u201cPush the Envelope\u201d ver\u00f6ffentlicht. Ab mitte Mai folgt dann die digitale Ver\u00f6ffentlichung bei iTunes! Der Track \u201cBling Bling Pimp Ding!\u201d wird vom Theaterhaus Hildesheim ( D) f\u00fcr einen Werbetrailer in Deutschland verwendet.<\/p>\n\n\n\n<p><b>2010 )&nbsp;<\/b>Zeigt in einer Einzelausstellung neue Bildwerke \u201cGalaria Burgaisa Domat\/Ems, Einzelausstellung (Zeichnungen \/ Mixed Media Malereien)\u201d<\/p>\n\n\n\n<p><b>2011 )&nbsp;<\/b>CD Release \u201cMond und St\u00e4rna\u201d. Erh\u00e4lt den F\u00f6rderpreis des Kantons Graub\u00fcnden f\u00fcr seine T\u00e4tigkeit als Multimediak\u00fcnstler.<\/p>\n\n\n\n<p><b>2013 )&nbsp;<\/b>iTunes EP Release \u201cMosaik\u201d unter dem K\u00fcnstlernamen DaMos<\/p>\n\n\n\n<p><strong>2014) <\/strong>Beginn der Malerei-Serie &#8222;Animals around me&#8220;<\/p>\n\n\n\n<p><strong>2017) <\/strong>Release&nbsp;&#8222;Kaosforschig 3&#8220;<\/p>\n\n\n\n<p><strong>2020)<\/strong> Release &#8222;Stranger in the Mirror&#8220;<\/p>\n\n\n\n<p class=\"has-text-align-left\"><strong>2021) <\/strong>Release &#8222;Glichgwicht&#8220; Best Position: iTunes <span style=\"color: #000000;\"><a style=\"color: #000000;\" href=\"https:\/\/damos.ch\/music\/wp-content\/uploads\/2022\/06\/Charts_Tracking_Label.png\">Charts Rap\/Hiphop Platz 2<\/a><\/span><\/p>\n\n\n\n<p><strong>2023)<\/strong> Release &#8222;Paradies&#8220; (EP)<\/p>\n\n\n\n<p><strong>2024) <\/strong>Release &#8222;Raubritter&#8220; (EP)<\/p>\n\n\n\n<p>&nbsp;<\/p>\n\n\n\n<p><b>CD\/LP Ver\u00f6ffentlichungen &#8211; Releases DaMos<\/b><\/p>\n\n\n\n<ul class=\"wp-block-list\">\n<li>1996 Kaot \u201cLive @ Statdgarten\u201d\u2013Audio Tape<\/li>\n\n\n\n<li>2000 DaMos \u201cKaosforschig\u201d \u2013CD ROM Audio\/Video<\/li>\n\n\n\n<li>2001 Oschtblock Kuabuaba \u201cPump d\u00e4 scheiss uf!\u201d (OBK)\u2013Vinyl EP<\/li>\n\n\n\n<li>2001 Trial and Error \u201cDiverse CD Rom Produktionen \u2013 alle Limitiert \u201c<\/li>\n\n\n\n<li>2002 DaMos \u201cSchwarz uf Wies\u201d\u2013Vinyl EP<\/li>\n\n\n\n<li>2003 DaMos \u201cRotwelsch\u201d\u2013Audio CD<\/li>\n\n\n\n<li>2003 DaMos \u201cInternet Single\u201d (3 free Tracks )<\/li>\n\n\n\n<li>2003 \u201cW\u00fcrfelwelt\u201d Internat. Medienkunstpreis 03\u2013DVD<\/li>\n\n\n\n<li>2004 Oschtblock Kuabuaba \u201cNeu: d`Wohrheit\u201d\u2013Audio CD<\/li>\n\n\n\n<li>2004 DaMos \u201cWas kann scho eina allei\u201d\u2013CD ROM Audio\/Video<\/li>\n\n\n\n<li>2005 DaMos \u201cKaosforschig 2\u201d\u2013CD ROM Audio\/Video<\/li>\n\n\n\n<li>2008 DaMos \u201cPush the Envelope\u201d CD ROM Audio\/Video<\/li>\n\n\n\n<li>2011 DaMos \u201cMond und St\u00e4rna\u201d CD Audio<\/li>\n\n\n\n<li>2013 DaMos \u201cMosaik\u201d Digital EP<\/li>\n\n\n\n<li>2016 DaMos \u201cNonid go schlofa go\u201d Digital EP<\/li>\n\n\n\n<li>2017 DaMos \u201cKaosforschig 3\u201d Digital Album<\/li>\n\n\n\n<li>2020 DaMos &#8222;Stranger in the Mirror&#8220; Digital Album<\/li>\n\n\n\n<li>2020 DaMos &#8222;Du&#8220; Single\/Video<\/li>\n\n\n\n<li>2021 DaMos &#8222;Neverland&#8220; Single\/Video<\/li>\n\n\n\n<li>2021 DaMos &#8222;Down to the Wire&#8220; Single<\/li>\n\n\n\n<li>2022 DaMos &#8222;Stigma&#8220; Single<\/li>\n\n\n\n<li>2023 DaMos &#8222;Gelbi und Roti Karta RMX ft. SAD, GIMMA&nbsp;<\/li>\n<\/ul>\n\n\n\n<p><b>CD\/LP Ver\u00f6ffentlichungen &#8211; Releases Haisenberg<\/b><\/p>\n\n\n\n<ul class=\"wp-block-list\">\n<li>2019 Haisenberg &#8222;Dontfack&#8220; Single<\/li>\n\n\n\n<li>2022 Haisenberg ft. DaMos &#8222;Sanus&#8220; Single<\/li>\n<\/ul>\n\n\n\n<p><b>Mit OBK<\/b><\/p>\n\n\n\n<ul class=\"wp-block-list\">\n<li>2001: <i>Pump d\u00e4 Scheiss uf<\/i> (Vinyl-EP)<\/li>\n<\/ul>\n\n\n\n<p><b>Featurings und Externe Projekte\/ Gastbeitr\u00e4ge<\/b><\/p>\n\n\n\n<ul class=\"wp-block-list\">\n<li>Damos feat. TAO \u201cPlanet Strengelbach\u201d<\/li>\n\n\n\n<li>Damos feat. Steelfingerz Tape \u201cAlso was?!\u201d feat. Ali de Bengali &amp; Gimma<\/li>\n\n\n\n<li>Damos feat. Pain \u201cDa Film\u201d<\/li>\n\n\n\n<li>Damos feat. Bloodsbrothers\/ Goldfinger \/ Overweight Bros. \u201c????\u201d Damos feat. Gimma<\/li>\n\n\n\n<li>Damos feat. Microbatik \u201cM &amp; M\u201d<\/li>\n\n\n\n<li>Damos feat. Tinguely de Chn\u00e4cht \u201cDia W\u00e4lt\u201d<\/li>\n\n\n\n<li>Damos feat. Mr Nubrik \u201d Benchmarket\u201d<\/li>\n\n\n\n<li>Damos feat. Oibel Troibel \u201cSt\u00e4rns Hommage\u201d<\/li>\n\n\n\n<li>Damos feat St\u00e4rneis \u201dTraumfrau\u201d<\/li>\n\n\n\n<li>Damos feat. Camkiller \u201cFilm by C. Schneider\u201d (1.Preis Kurzfilmtage Winterthur )<\/li>\n\n\n\n<li>Damos feat. Breitbild und Rennie (SK) \u201cGeld\u201d<\/li>\n\n\n\n<li>Damos feat Pump\u201dWixer\u201d<\/li>\n\n\n\n<li>Damos feat Afred und Ali de Bengali \u201cChur City\u201d<\/li>\n\n\n\n<li>Damos feat. Los Turntablos \u201cRhytmousse\u201d<\/li>\n\n\n\n<li>Damos feat. Ali de Bengali \u201cIar wend Hip Hop?\u201d\u201d<\/li>\n\n\n\n<li>Damos feat. Tuarec \u201cElectrified District\u201d<\/li>\n\n\n\n<li>Damos feat. Flawa Flakes Mixtape ( CD Projekt mit Luzernern K\u00fcnstlern)<\/li>\n\n\n\n<li>Damos feat. Qr City Mixtape \u201cDia 4 Regla\u201d<\/li>\n\n\n\n<li>Damos feat. Semantik &amp; &nbsp;Pax Luchinni&nbsp;\u201cOkey\u201d&nbsp;<\/li>\n\n\n\n<li>Damos feat. L\u00fcgner \u201cHai tu da Limmit\u201d<\/li>\n\n\n\n<li>Damos feat. Pax Luchinni \u201cOkey\u201d<\/li>\n\n\n\n<li>Damos feat. Semantik \u201cSusanne\u201d<\/li>\n\n\n\n<li>Damos feat. Steven Egal \u201cInsomnia\u201d<\/li>\n\n\n\n<li>Damos feat. Dj D-One \u201cDanka\u201d<\/li>\n\n\n\n<li>Damos auf Bock uf Rock 3 \u201cGeisterfahrer\u201d<\/li>\n\n\n\n<li>Damos auf Bock uf Rock\/Rap 4 \u201cMach der kei Sorga!\u201d<\/li>\n\n\n\n<li>Damos feat. Marcus Aurelius \u201cGR-Allstars\u201d<\/li>\n\n\n\n<li>Damos feat. Chris Bluemoon &#8222;Club vo da tota Dichter&#8220;<\/li>\n\n\n\n<li>Damos feat. Mr. Skip &#8222;Antipimp D\u00f6gs&#8220;<\/li>\n\n\n\n<li>Damos feat. Gimma &#8222;Gotham&#8220;<\/li>\n\n\n\n<li>Damos feat. Dachs &#8222;Allei in dr Matrix&#8220;<\/li>\n\n\n\n<li>Damos feat Steven Egal &#8222;Next Level&#8220;<\/li>\n\n\n\n<li>Damos feat. Hotcup &#8222;Gl\u00fcck&#8220;<\/li>\n\n\n\n<li>Damos feat. Horscht &#8222;F\u00fc\u00fcr und Wasser&#8220;<\/li>\n\n\n\n<li>Damos feat. Cicco Mill L`homme Libre (remix) feat. Lou.Zarra<\/li>\n\n\n\n<li>Damos feat. LIV, Tommy Vercetti, Manillio, &#8222;Good Day&#8220;<\/li>\n\n\n\n<li>Damos feat. Panadox, Shape &amp; co &#8222;1A Massefeature&#8220;<\/li>\n\n\n\n<li>Damos feat. Marcus Aurelius, LIV, Burri Smalls, Vivienne Katharina &#8222;QR vs Everybody&#8220;<\/li>\n\n\n\n<li>Damos feat. Shape MC &#8222;Perspektiva&#8220;<\/li>\n\n\n\n<li>Damos feat. Microbatik &#8222;Wider zruck im Ring&#8220;<\/li>\n\n\n\n<li>Damos feat. LIV und Marcus Aurelius &#8222;Liachter us&#8220;<\/li>\n<\/ul>\n\n\n\n<p>&nbsp;<\/p>\n\n\n\n<p><b>Presseberichte ber Damos via Print und Radio sowie Fernsehen<\/b><\/p>\n\n\n\n<ul class=\"wp-block-list\">\n<li>Arte<\/li>\n\n\n\n<li>3 Sat<\/li>\n\n\n\n<li>Sf 1<\/li>\n\n\n\n<li>Ard -Eins Festival<\/li>\n\n\n\n<li>S\u00fcdwestrundfunk Swr<\/li>\n\n\n\n<li>NZZ<\/li>\n\n\n\n<li>Backspin ( Hiphop Mag )<\/li>\n\n\n\n<li>Hiphop.de<\/li>\n\n\n\n<li>B\u00fcndner Tagblatt ( diverse)<\/li>\n\n\n\n<li>Sarganserlaender (diverse)<\/li>\n\n\n\n<li>Suedostschweiz ( diverse)<\/li>\n\n\n\n<li>Boundmagazine( Hiphop Mag )<\/li>\n\n\n\n<li>Tagesanzeiger Z\u00fcrich<\/li>\n\n\n\n<li>20 Minuten<\/li>\n\n\n\n<li>B\u00fcndner Woche ( diverse)<\/li>\n\n\n\n<li>Luzerner Zeitung<\/li>\n\n\n\n<li>Juice ( Hiphop Mag )<\/li>\n\n\n\n<li>Well-wicked.ch ( Online Hiphop Mag )<\/li>\n\n\n\n<li>Aichtgenossen.ch ( Online Hiphop Mag )<\/li>\n\n\n\n<li>Fourfingers.de ( Online Hiphop Mag )<\/li>\n\n\n\n<li>Hiphop.ch ( Online Hiphop Mag )<\/li>\n\n\n\n<li>Forecast ( Music Magazine )<\/li>\n\n\n\n<li>Radio Grischa<\/li>\n\n\n\n<li>Radio 3 Fach<\/li>\n\n\n\n<li>Radio Lora<\/li>\n\n\n\n<li>Radio Virus<\/li>\n\n\n\n<li>Radio Rabe<\/li>\n\n\n\n<li>Radio Kanal K<\/li>\n<\/ul>\n\n\n\n<p>&nbsp;<\/p>\n\n\n\n<p><b>Ausstellungen<\/b><\/p>\n\n\n\n<ul class=\"wp-block-list\">\n<li>1996 Galeria Fravi (Graffiti \/ Zeichnungen \/ Malereien)<\/li>\n\n\n\n<li>1998 Rote Fabrik Event \u201cUrban Skillz\u201d (Graffiti)<\/li>\n\n\n\n<li>1999 Stadttheater Luzern Gruppenausstellung zum Thema: Romeo &amp; Julia (Konzept-Kunst)<\/li>\n\n\n\n<li>1999 Jungk\u00fcnstler Exportieren Chur (Video-Art Ausstellung mit Curdin Schneider)<\/li>\n\n\n\n<li>2001 KKL Luzern Videoproduktion mit Stefan Banz(Video-Art)<\/li>\n\n\n\n<li>2002 Yverdon Expo `02 \u201cMultimediales Gruppenprojekt\u201d<\/li>\n\n\n\n<li>2002 B\u00fcndner Kunstmuseum Chur, Weihnachtsausstellung W\u00fcrfelwelt (Video-Art)<\/li>\n\n\n\n<li>2002 Dampfzentrale Bern, W\u00fcrfelwelt (Video-Art)<\/li>\n\n\n\n<li>2003 Karlsruhe (D), W\u00fcrfelwelt Nomination Internationaler Medienkunstpreis 2003? (Video-Art)<\/li>\n\n\n\n<li>2006 Onedotzero, Z\u00fcrcher Filmfesttage \u201cTik Tik Tak\u201d (Video-Art)<\/li>\n\n\n\n<li>2007 Solothurner Filmtage, \u201cTik Tik Tak\u201d (Video-Art)<\/li>\n\n\n\n<li>2008 Hive Z\u00fcrich, Ausstellung mit Marcel Fufaj\u00e9 (\u271d) (Zeichnungen \/ Malereien)<\/li>\n\n\n\n<li>2010 Galaria Burgaisa Domat\/Ems, Einzelausstellung (Zeichnungen \/ Mixed Media, Malereien sowie den Video \u201cDas isch\u2026\u201d)<\/li>\n<\/ul>\n","protected":false},"excerpt":{"rendered":"<p class=\"excerpt\">PREISE \u00a0 1 Platz Graffiti Contest (1996, Initiator, Stadt St. Gallen)1 Platz Street Emotion Graffiti Contest (1997, Initiator, 14K Z\u00fcrich)1 Platz Kurzfilmtage Winterthur, Camkiller &#8211; (2002, Curdin Schneider, Musik von Jos\u00e9 Federspiel)2 Platz Movie Marathon, Bling Bling Trick (Mit S.Jaquemet &amp; M.Ferrara,&nbsp;2005)Top 20 Internationaler Medienkunstpreis, &nbsp;(\u201cW\u00fcrfelwelt\u201d 2003, ZKM Karlsruhe, D)Auszeichnung &#8222;F\u00f6rderpreis Kanton Graub\u00fcnden&#8220; (2011, Chur)3 Platz \u201cBest Videoclip\u201d f\u00fcr \u201cNonid&hellip;<\/p>\n<p class=\"more-link-p\"><a class=\"btn btn-default\" href=\"https:\/\/damos.ch\/music\/biografie\/\">Read more<\/a><\/p>\n","protected":false},"author":1,"featured_media":0,"parent":0,"menu_order":0,"comment_status":"closed","ping_status":"closed","template":"","meta":{"ngg_post_thumbnail":0,"footnotes":""},"class_list":["post-28","page","type-page","status-publish","hentry"],"_links":{"self":[{"href":"https:\/\/damos.ch\/music\/wp-json\/wp\/v2\/pages\/28","targetHints":{"allow":["GET"]}}],"collection":[{"href":"https:\/\/damos.ch\/music\/wp-json\/wp\/v2\/pages"}],"about":[{"href":"https:\/\/damos.ch\/music\/wp-json\/wp\/v2\/types\/page"}],"author":[{"embeddable":true,"href":"https:\/\/damos.ch\/music\/wp-json\/wp\/v2\/users\/1"}],"replies":[{"embeddable":true,"href":"https:\/\/damos.ch\/music\/wp-json\/wp\/v2\/comments?post=28"}],"version-history":[{"count":53,"href":"https:\/\/damos.ch\/music\/wp-json\/wp\/v2\/pages\/28\/revisions"}],"predecessor-version":[{"id":1310,"href":"https:\/\/damos.ch\/music\/wp-json\/wp\/v2\/pages\/28\/revisions\/1310"}],"wp:attachment":[{"href":"https:\/\/damos.ch\/music\/wp-json\/wp\/v2\/media?parent=28"}],"curies":[{"name":"wp","href":"https:\/\/api.w.org\/{rel}","templated":true}]}}